{"id":51,"date":"2025-07-13T20:38:40","date_gmt":"2025-07-13T20:38:40","guid":{"rendered":"https:\/\/happydonkeyfarm.dk\/?page_id=51"},"modified":"2025-09-21T16:29:29","modified_gmt":"2025-09-21T16:29:29","slug":"velkommen-til-happy-donkey-farm","status":"publish","type":"page","link":"http:\/\/happydonkeyfarm.dk\/","title":{"rendered":"Velkommen til Happy Donkey Farm."},"content":{"rendered":"\n<p><strong>Velkommen til vores lille miniature-\u00e6selunivers!<\/strong><br>Vi er glade for at dele starten p\u00e5 vores rejse som private opdr\u00e6ttere af miniature\u00e6sler. Vores lille flok best\u00e5r i \u00f8jeblikket af en hingst og en dr\u00e6gtig hoppe, som vi forventer vil fole i april\/maj 2026. Vi regner ogs\u00e5 med at udvide flokken med endnu en hoppe i l\u00f8bet af sommeren 2025.<\/p>\n\n\n\n<p>Alle vores miniature\u00e6sler har fuld stambog og er registreret i ADMS (American Donkey and Mule Society), hvilket sikrer h\u00f8j kvalitet og dokumenteret afstamning.<br>Vi gl\u00e6der os til at dele b\u00e5de hverdag, forventninger og \u00e6self\u00f8dsler med jer \u2013 og til at se vores lille dr\u00f8m vokse.<\/p>\n\n\n\n<div class=\"wp-block-columns is-layout-flex wp-container-core-columns-is-layout-9d6595d7 wp-block-columns-is-layout-flex\">\n<div class=\"wp-block-column is-layout-flow wp-block-column-is-layout-flow\">\n<figure class=\"wp-block-image size-large\"><img loading=\"lazy\" decoding=\"async\" width=\"1024\" height=\"768\" src=\"https:\/\/happydonkeyfarm.dk\/wp-content\/uploads\/2025\/07\/Christina_med_Elsa_Happy_DonkeyFarm-1024x768.jpg\" alt=\"\" class=\"wp-image-52\" srcset=\"http:\/\/happydonkeyfarm.dk\/wp-content\/uploads\/2025\/07\/Christina_med_Elsa_Happy_DonkeyFarm-1024x768.jpg 1024w, http:\/\/happydonkeyfarm.dk\/wp-content\/uploads\/2025\/07\/Christina_med_Elsa_Happy_DonkeyFarm-300x225.jpg 300w, http:\/\/happydonkeyfarm.dk\/wp-content\/uploads\/2025\/07\/Christina_med_Elsa_Happy_DonkeyFarm-768x576.jpg 768w, http:\/\/happydonkeyfarm.dk\/wp-content\/uploads\/2025\/07\/Christina_med_Elsa_Happy_DonkeyFarm-1536x1152.jpg 1536w, http:\/\/happydonkeyfarm.dk\/wp-content\/uploads\/2025\/07\/Christina_med_Elsa_Happy_DonkeyFarm-2048x1536.jpg 2048w, http:\/\/happydonkeyfarm.dk\/wp-content\/uploads\/2025\/07\/Christina_med_Elsa_Happy_DonkeyFarm-1140x855.jpg 1140w\" sizes=\"auto, (max-width: 1024px) 100vw, 1024px\" \/><\/figure>\n<\/div>\n\n\n\n<div class=\"wp-block-column is-layout-flow wp-block-column-is-layout-flow\">\n<figure class=\"wp-block-image size-large is-resized\"><img decoding=\"async\" src=\"https:\/\/happydonkeyfarm.dk\/wp-content\/uploads\/2025\/07\/Tim_med_Ukkie_Happy_DonkeyFarm-656x1024.jpg\" alt=\"\" class=\"wp-image-53\" style=\"width:199px;height:auto\"\/><\/figure>\n<\/div>\n<\/div>\n\n\n\n<p>F\u00f8lg os p\u00e5 Instagram p\u00e5 <a href=\"https:\/\/www.instagram.com\/happy_DonkeyFarm\/\" data-type=\"link\" data-id=\"https:\/\/www.instagram.com\/happy_DonkeyFarm\/\">Happy_DonkeyFarm<\/a><\/p>\n","protected":false},"excerpt":{"rendered":"<p>Velkommen til vores lille miniature-\u00e6selunivers!Vi er glade for at dele starten p\u00e5 vores rejse som private opdr\u00e6ttere af miniature\u00e6sler. Vores lille flok best\u00e5r i \u00f8jeblikket af en hingst og en dr\u00e6gtig hoppe, som vi forventer vil fole i april\/maj 2026. Vi regner ogs\u00e5 med at udvide flokken med endnu en hoppe i l\u00f8bet af sommeren 2025. Alle vores miniature\u00e6sler har fuld stambog og er registreret i ADMS (American Donkey and Mule Society), hvilket sikrer h\u00f8j kvalitet og dokumenteret afstamning.Vi gl\u00e6der os til at dele b\u00e5de hverdag, forventninger og \u00e6self\u00f8dsler med jer \u2013 og til at se vores lille dr\u00f8m vokse. F\u00f8lg os p\u00e5 Instagram p\u00e5 Happy_DonkeyFarm<\/p>\n","protected":false},"author":1,"featured_media":0,"parent":0,"menu_order":0,"comment_status":"closed","ping_status":"closed","template":"","meta":{"footnotes":""},"class_list":["post-51","page","type-page","status-publish","hentry"],"_links":{"self":[{"href":"http:\/\/happydonkeyfarm.dk\/index.php\/wp-json\/wp\/v2\/pages\/51","targetHints":{"allow":["GET"]}}],"collection":[{"href":"http:\/\/happydonkeyfarm.dk\/index.php\/wp-json\/wp\/v2\/pages"}],"about":[{"href":"http:\/\/happydonkeyfarm.dk\/index.php\/wp-json\/wp\/v2\/types\/page"}],"author":[{"embeddable":true,"href":"http:\/\/happydonkeyfarm.dk\/index.php\/wp-json\/wp\/v2\/users\/1"}],"replies":[{"embeddable":true,"href":"http:\/\/happydonkeyfarm.dk\/index.php\/wp-json\/wp\/v2\/comments?post=51"}],"version-history":[{"count":3,"href":"http:\/\/happydonkeyfarm.dk\/index.php\/wp-json\/wp\/v2\/pages\/51\/revisions"}],"predecessor-version":[{"id":58,"href":"http:\/\/happydonkeyfarm.dk\/index.php\/wp-json\/wp\/v2\/pages\/51\/revisions\/58"}],"wp:attachment":[{"href":"http:\/\/happydonkeyfarm.dk\/index.php\/wp-json\/wp\/v2\/media?parent=51"}],"curies":[{"name":"wp","href":"https:\/\/api.w.org\/{rel}","templated":true}]}}